{"id":6575,"date":"2013-03-03T01:56:12","date_gmt":"2013-03-03T01:56:12","guid":{"rendered":"http:\/\/flexform.swiftideas.net\/?page_id=6575"},"modified":"2021-01-12T09:53:32","modified_gmt":"2021-01-12T09:53:32","slug":"about","status":"publish","type":"page","link":"http:\/\/www.karadenizcam.com.tr\/?page_id=6575","title":{"rendered":"Hakk\u0131m\u0131zda"},"content":{"rendered":"<div class=\"row\">\n\t<div class=\"wpb_showcase_widget wpb_content_element span12 hakkimizda\">\n\t\t<div class=\"wpb_wrapper showcase-wrap\">\n\t\t\t\t\n\t\t\t<!-- START hakkimizda REVOLUTION SLIDER 6.2.23 --><p class=\"rs-p-wp-fix\"><\/p>\n\t\t\t<rs-module-wrap id=\"rev_slider_8_1_wrapper\" data-source=\"gallery\" style=\"background:transparent;padding:0;margin:0px auto;margin-top:0;margin-bottom:0;\">\n\t\t\t\t<rs-module id=\"rev_slider_8_1\" style=\"\" data-version=\"6.2.23\">\n\t\t\t\t\t<rs-slides>\n\t\t\t\t\t\t<rs-slide data-key=\"rs-21\" data-title=\"Slide\" data-anim=\"ei:d;eo:d;s:600;r:0;t:fade;sl:d;\">\n\t\t\t\t\t\t\t<img src=\"\/\/www.karadenizcam.com.tr\/wp-content\/plugins\/revslider\/public\/assets\/assets\/dummy.png\" title=\"Hakk\u0131m\u0131zda\" data-lazyload=\"\/\/www.karadenizcam.com.tr\/wp-content\/uploads\/revslider\/hakkimizda-1.jpg\" class=\"rev-slidebg\" data-no-retina>\n<!---->\t\t\t\t\t\t<\/rs-slide>\n\t\t\t\t\t<\/rs-slides>\n\t\t\t\t<\/rs-module>\n\t\t\t\t<script type=\"text\/javascript\">\n\t\t\t\t\tsetREVStartSize({c: 'rev_slider_8_1',rl:[1240,1024,1024,1024],el:[],gw:[1240,1024,1024,1024],gh:[400,400,400,400],type:'standard',justify:'',layout:'fullwidth',mh:\"0\"});\n\t\t\t\t\tvar\trevapi8,\n\t\t\t\t\t\ttpj;\n\t\t\t\t\tfunction revinit_revslider81() {\n\t\t\t\t\tjQuery(function() {\n\t\t\t\t\t\ttpj = jQuery;\n\t\t\t\t\t\trevapi8 = tpj(\"#rev_slider_8_1\");\n\t\t\t\t\t\tif(revapi8==undefined || revapi8.revolution == undefined){\n\t\t\t\t\t\t\trevslider_showDoubleJqueryError(\"rev_slider_8_1\");\n\t\t\t\t\t\t}else{\n\t\t\t\t\t\t\trevapi8.revolution({\n\t\t\t\t\t\t\t\tsliderLayout:\"fullwidth\",\n\t\t\t\t\t\t\t\tvisibilityLevels:\"1240,1024,1024,1024\",\n\t\t\t\t\t\t\t\tgridwidth:\"1240,1024,1024,1024\",\n\t\t\t\t\t\t\t\tgridheight:\"400,400,400,400\",\n\t\t\t\t\t\t\t\tlazyType:\"smart\",\n\t\t\t\t\t\t\t\tspinner:\"spinner0\",\n\t\t\t\t\t\t\t\tperspectiveType:\"local\",\n\t\t\t\t\t\t\t\tresponsiveLevels:\"1240,1024,1024,1024\",\n\t\t\t\t\t\t\t\tprogressBar:{disableProgressBar:true},\n\t\t\t\t\t\t\t\tnavigation: {\n\t\t\t\t\t\t\t\t\tonHoverStop:false\n\t\t\t\t\t\t\t\t},\n\t\t\t\t\t\t\t\tfallbacks: {\n\t\t\t\t\t\t\t\t\tallowHTML5AutoPlayOnAndroid:true\n\t\t\t\t\t\t\t\t},\n\t\t\t\t\t\t\t});\n\t\t\t\t\t\t}\n\t\t\t\t\t\t\n\t\t\t\t\t});\n\t\t\t\t\t} \/\/ End of RevInitScript\n\t\t\t\tvar once_revslider81 = false;\n\t\t\t\tif (document.readyState === \"loading\") {document.addEventListener('readystatechange',function() { if((document.readyState === \"interactive\" || document.readyState === \"complete\") && !once_revslider81 ) { once_revslider81 = true; revinit_revslider81();}});} else {once_revslider81 = true; revinit_revslider81();}\n\t\t\t\t<\/script>\n\t\t\t<\/rs-module-wrap>\n\t\t\t<!-- END REVOLUTION SLIDER -->\n\n\t\t<\/div> \n\t<\/div> <\/div>\n <div class=\"row\">\n\t<div class=\"full-width-text wpb_content_element span12 wpb_text_column\">\n\t\t<div class=\"wpb_wrapper clearfix\">\n\t\t\t\n<table style=\"border-collapse: collapse; width: 100%;\">\n<tbody>\n<tr>\n<td style=\"width: 50%;\"><img loading=\"lazy\" class=\"alignleft size-full wp-image-9239\" src=\"http:\/\/www.karadenizcam.com.tr\/wp-content\/uploads\/2020\/12\/572b22eebd1525.87062746_Protestno-pitanje.jpg\" alt=\"\" width=\"500\" height=\"410\" srcset=\"http:\/\/www.karadenizcam.com.tr\/wp-content\/uploads\/2020\/12\/572b22eebd1525.87062746_Protestno-pitanje.jpg 500w, http:\/\/www.karadenizcam.com.tr\/wp-content\/uploads\/2020\/12\/572b22eebd1525.87062746_Protestno-pitanje-300x246.jpg 300w\" sizes=\"(max-width: 500px) 100vw, 500px\" \/><\/td>\n<td style=\"width: 50%;\">\n<div class=\"arrowpress_container \">\n<div class=\" arrowpress-heading heading-1 arrowpress_heading-2979731666 text-left vc_custom_1544514554900 left-pos\" data-animation-delay=\"500\" data-animation=\"\">\n<div class=\"small-title\">\n<p>HAKKIMIZDA<\/p>\n<\/div>\n<h2 class=\"title-heading\">KARADEN\u0130Z TEZY\u0130NAT<\/h2>\n<\/div>\n<\/div>\n<div class=\"wpb_text_column wpb_content_element paragraph_custom_space\">\n<div class=\"wpb_wrapper\">\n<p>\u015eirketimiz \u201cKARADEN\u0130Z Tezyinat\u201d T\u00fcrkiye\u2019de z\u00fcccaciye ve cam ambalaj dekorasyonunun \u00f6nde gelen \u015firketlerindendir. G\u00fcn\u00fcm\u00fczde dekorasyon alan\u0131nda yenilik\u00e7ilikte \u00f6nc\u00fc konumumuzu korumakta ve s\u00fcrekli olarak cam y\u00fczeyin dekorasyonu i\u00e7in geli\u015fmi\u015f teknolojiler ortaya koymaktay\u0131z.<\/p>\n<p>M\u00fc\u015fterilerin ihtiya\u00e7lar\u0131na uyma, \u00e7al\u0131\u015fan yetkinli\u011finin s\u00fcrekli geli\u015fimi ve sipari\u015flerin ger\u00e7ekle\u015ftirilmesi s\u0131ras\u0131nda hizmet seviyesi ile ilgili \u00f6zen \u015firketimizin T\u00fcrkiye cam dekorasyonu piyasas\u0131nda \u00f6nc\u00fc konum elde etmesini sa\u011flam\u0131\u015ft\u0131r.<\/p>\n<p>Dekorasyon i\u015flemindeki t\u00fcm n\u00fcanslar\u0131 hayata ge\u00e7irmekte sahip oldu\u011fumuz deneyim sayesinde, \u00fcr\u00fcn\u00fcn\u00fcz i\u00e7in benzersizlik ve \u00f6zel olma vurgusunu ger\u00e7ekle\u015ftirebilmekteyiz.<\/p>\n<\/div>\n<\/div>\n<\/td>\n<\/tr>\n<\/tbody>\n<\/table>\n\n\t\t<\/div> \n\t<\/div> <\/div>\n\n<div class=\"blank_spacer span12 \" style=\"height:50px;\"><\/div>\n <div class=\"row\">\n\t<div class=\"wpb_content_element span12 wpb_text_column\">\n\t\t<div class=\"wpb_wrapper clearfix\">\n\t\t\t\n<h2 style=\"text-align: center;\"><strong>REFERANSLARIMIZ<\/strong><\/h2>\n\n\t\t<\/div> \n\t<\/div> <\/div>\n <div class=\"row\">\n\t<div class=\"wpb_testimonial_slider_widget wpb_content_element span3 testimonial\">\n\t\t<div class=\"wpb_wrapper slider-wrap\">\n\t\t\t<div class=\"flexslider testimonials-slider content-slider\" data-animation=\"slide\" data-autoplay=\"yes\"><ul class=\"slides\"><li class=\"testimonial\"><div class=\"testimonial-text text-normal\"><img class=\"alignleft size-full wp-image-9332\" src=\"http:\/\/www.karadenizcam.com.tr\/wp-content\/uploads\/2021\/01\/brandsis.png\" alt=\"\" width=\"228\" height=\"70\" \/><\/div><cite><\/cite><\/li><li class=\"testimonial\"><div class=\"testimonial-text text-normal\"><img class=\"alignleft size-full wp-image-9331\" src=\"http:\/\/www.karadenizcam.com.tr\/wp-content\/uploads\/2021\/01\/brandraina.png\" alt=\"\" width=\"228\" height=\"70\" \/><\/div><cite><\/cite><\/li><li class=\"testimonial\"><div class=\"testimonial-text text-normal\"><img class=\"alignleft size-full wp-image-9330\" src=\"http:\/\/www.karadenizcam.com.tr\/wp-content\/uploads\/2021\/01\/brandhavrano.png\" alt=\"\" width=\"228\" height=\"70\" \/><\/div><cite><\/cite><\/li><\/ul><\/div>\n\t\t<\/div> \n\t<\/div>  \n\t<div class=\"wpb_testimonial_slider_widget wpb_content_element span3 testimonial\">\n\t\t<div class=\"wpb_wrapper slider-wrap\">\n\t\t\t<div class=\"flexslider testimonials-slider content-slider\" data-animation=\"slide\" data-autoplay=\"yes\"><ul class=\"slides\"><li class=\"testimonial\"><div class=\"testimonial-text text-normal\"><img class=\"alignleft wp-image-9450 size-full\" src=\"http:\/\/www.karadenizcam.com.tr\/wp-content\/uploads\/2021\/01\/mey-1.png\" alt=\"\" width=\"210\" height=\"70\" \/><\/div><cite><\/cite><\/li><li class=\"testimonial\"><div class=\"testimonial-text text-normal\"><img class=\"alignleft size-full wp-image-9335\" src=\"http:\/\/www.karadenizcam.com.tr\/wp-content\/uploads\/2021\/01\/parkcam.png\" alt=\"\" width=\"228\" height=\"70\" \/><\/div><cite><\/cite><\/li><li class=\"testimonial\"><div class=\"testimonial-text text-normal\"><img class=\"alignleft size-full wp-image-9333\" src=\"http:\/\/www.karadenizcam.com.tr\/wp-content\/uploads\/2021\/01\/hunbrand.png\" alt=\"\" width=\"228\" height=\"70\" \/><\/div><cite><\/cite><\/li><li class=\"testimonial\"><div class=\"testimonial-text text-normal\"><img class=\"alignleft size-full wp-image-9334\" src=\"http:\/\/www.karadenizcam.com.tr\/wp-content\/uploads\/2021\/01\/marcambrand.png\" alt=\"\" width=\"228\" height=\"70\" \/><\/div><cite><\/cite><\/li><\/ul><\/div>\n\t\t<\/div> \n\t<\/div>  \n\t<div class=\"wpb_testimonial_slider_widget wpb_content_element span3 testimonial\">\n\t\t<div class=\"wpb_wrapper slider-wrap\">\n\t\t\t<div class=\"flexslider testimonials-slider content-slider\" data-animation=\"slide\" data-autoplay=\"yes\"><ul class=\"slides\"><li class=\"testimonial\"><div class=\"testimonial-text text-normal\"><img class=\"alignleft size-full wp-image-9328\" src=\"http:\/\/www.karadenizcam.com.tr\/wp-content\/uploads\/2021\/01\/brandbeyo.png\" alt=\"\" width=\"228\" height=\"70\" \/><\/div><cite><\/cite><\/li><li class=\"testimonial\"><div class=\"testimonial-text text-normal\"><img class=\"alignleft size-full wp-image-9329\" src=\"http:\/\/www.karadenizcam.com.tr\/wp-content\/uploads\/2021\/01\/brandfus.png\" alt=\"\" width=\"228\" height=\"70\" \/><\/div><cite><\/cite><\/li><li class=\"testimonial\"><div class=\"testimonial-text text-normal\"><img class=\"alignleft size-full wp-image-9327\" src=\"http:\/\/www.karadenizcam.com.tr\/wp-content\/uploads\/2021\/01\/brandayyo.png\" alt=\"\" width=\"228\" height=\"70\" \/><\/div><cite><\/cite><\/li><\/ul><\/div>\n\t\t<\/div> \n\t<\/div>  \n\t<div class=\"wpb_testimonial_slider_widget wpb_content_element span3 testimonial\">\n\t\t<div class=\"wpb_wrapper slider-wrap\">\n\t\t\t<div class=\"flexslider testimonials-slider content-slider\" data-animation=\"slide\" data-autoplay=\"yes\"><ul class=\"slides\"><li class=\"testimonial\"><div class=\"testimonial-text text-normal\"><img class=\"alignleft size-full wp-image-9265\" src=\"http:\/\/www.karadenizcam.com.tr\/wp-content\/uploads\/2020\/12\/brandpasa.png\" alt=\"\" width=\"228\" height=\"70\" \/><\/div><cite><\/cite><\/li><li class=\"testimonial\"><div class=\"testimonial-text text-normal\"><img class=\"alignleft wp-image-9449 size-full\" src=\"http:\/\/www.karadenizcam.com.tr\/wp-content\/uploads\/2021\/01\/anadolu-1.jpg\" alt=\"\" width=\"228\" height=\"70\" \/><\/div><cite><\/cite><\/li><li class=\"testimonial\"><div class=\"testimonial-text text-normal\"><img class=\"alignleft size-full wp-image-9257\" src=\"http:\/\/www.karadenizcam.com.tr\/wp-content\/uploads\/2020\/12\/antbrand.png\" alt=\"\" width=\"228\" height=\"70\" \/><\/div><cite><\/cite><\/li><li class=\"testimonial\"><div class=\"testimonial-text text-normal\"><img class=\"alignleft size-full wp-image-9261\" src=\"http:\/\/www.karadenizcam.com.tr\/wp-content\/uploads\/2020\/12\/brandefe.png\" alt=\"\" width=\"228\" height=\"70\" \/><\/div><cite><\/cite><\/li><li class=\"testimonial\"><div class=\"testimonial-text text-normal\"><img class=\"alignleft size-full wp-image-9326\" src=\"http:\/\/www.karadenizcam.com.tr\/wp-content\/uploads\/2021\/01\/arsbrand.png\" alt=\"\" width=\"228\" height=\"70\" \/><\/div><cite><\/cite><\/li><\/ul><\/div>\n\t\t<\/div> \n\t<\/div> <\/div>\n\n","protected":false},"excerpt":{"rendered":"","protected":false},"author":3,"featured_media":0,"parent":8266,"menu_order":0,"comment_status":"open","ping_status":"closed","template":"","meta":[],"_links":{"self":[{"href":"http:\/\/www.karadenizcam.com.tr\/index.php?rest_route=\/wp\/v2\/pages\/6575"}],"collection":[{"href":"http:\/\/www.karadenizcam.com.tr\/index.php?rest_route=\/wp\/v2\/pages"}],"about":[{"href":"http:\/\/www.karadenizcam.com.tr\/index.php?rest_route=\/wp\/v2\/types\/page"}],"author":[{"embeddable":true,"href":"http:\/\/www.karadenizcam.com.tr\/index.php?rest_route=\/wp\/v2\/users\/3"}],"replies":[{"embeddable":true,"href":"http:\/\/www.karadenizcam.com.tr\/index.php?rest_route=%2Fwp%2Fv2%2Fcomments&post=6575"}],"version-history":[{"count":15,"href":"http:\/\/www.karadenizcam.com.tr\/index.php?rest_route=\/wp\/v2\/pages\/6575\/revisions"}],"predecessor-version":[{"id":9363,"href":"http:\/\/www.karadenizcam.com.tr\/index.php?rest_route=\/wp\/v2\/pages\/6575\/revisions\/9363"}],"up":[{"embeddable":true,"href":"http:\/\/www.karadenizcam.com.tr\/index.php?rest_route=\/wp\/v2\/pages\/8266"}],"wp:attachment":[{"href":"http:\/\/www.karadenizcam.com.tr\/index.php?rest_route=%2Fwp%2Fv2%2Fmedia&parent=6575"}],"curies":[{"name":"wp","href":"https:\/\/api.w.org\/{rel}","templated":true}]}}