{"id":8993,"date":"2020-10-26T10:12:49","date_gmt":"2020-10-26T10:12:49","guid":{"rendered":"http:\/\/www.karadenizcam.com.tr\/?page_id=8993"},"modified":"2021-01-21T14:50:36","modified_gmt":"2021-01-21T14:50:36","slug":"kalite-yonetimi","status":"publish","type":"page","link":"http:\/\/www.karadenizcam.com.tr\/?page_id=8993","title":{"rendered":"Kalite Y\u00f6netimi"},"content":{"rendered":"<div class=\"row\">\n\t<div class=\"wpb_showcase_widget wpb_content_element span12\">\n\t\t<div class=\"wpb_wrapper showcase-wrap\">\n\t\t\t\t\n\t\t\t<!-- START kalite REVOLUTION SLIDER 6.2.23 --><p class=\"rs-p-wp-fix\"><\/p>\n\t\t\t<rs-module-wrap id=\"rev_slider_11_1_wrapper\" data-source=\"gallery\" style=\"background:transparent;padding:0;margin:0px auto;margin-top:0;margin-bottom:0;\">\n\t\t\t\t<rs-module id=\"rev_slider_11_1\" style=\"\" data-version=\"6.2.23\">\n\t\t\t\t\t<rs-slides>\n\t\t\t\t\t\t<rs-slide data-key=\"rs-24\" data-title=\"Slide\" data-anim=\"ei:d;eo:d;s:600;r:0;t:fade;sl:d;\">\n\t\t\t\t\t\t\t<img src=\"\/\/www.karadenizcam.com.tr\/wp-content\/uploads\/revslider\/quality-management-cover.jpg\" title=\"Kalite Y\u00f6netimi\" class=\"rev-slidebg\" data-no-retina>\n<!---->\t\t\t\t\t\t<\/rs-slide>\n\t\t\t\t\t<\/rs-slides>\n\t\t\t\t<\/rs-module>\n\t\t\t\t<script type=\"text\/javascript\">\n\t\t\t\t\tsetREVStartSize({c: 'rev_slider_11_1',rl:[1240,1024,1024,1024],el:[],gw:[1240,1024,1024,1024],gh:[400,400,400,400],type:'hero',justify:'',layout:'fullwidth',mh:\"0\"});\n\t\t\t\t\tvar\trevapi11,\n\t\t\t\t\t\ttpj;\n\t\t\t\t\tfunction revinit_revslider111() {\n\t\t\t\t\tjQuery(function() {\n\t\t\t\t\t\ttpj = jQuery;\n\t\t\t\t\t\trevapi11 = tpj(\"#rev_slider_11_1\");\n\t\t\t\t\t\tif(revapi11==undefined || revapi11.revolution == undefined){\n\t\t\t\t\t\t\trevslider_showDoubleJqueryError(\"rev_slider_11_1\");\n\t\t\t\t\t\t}else{\n\t\t\t\t\t\t\trevapi11.revolution({\n\t\t\t\t\t\t\t\tsliderType:\"hero\",\n\t\t\t\t\t\t\t\tsliderLayout:\"fullwidth\",\n\t\t\t\t\t\t\t\tvisibilityLevels:\"1240,1024,1024,1024\",\n\t\t\t\t\t\t\t\tgridwidth:\"1240,1024,1024,1024\",\n\t\t\t\t\t\t\t\tgridheight:\"400,400,400,400\",\n\t\t\t\t\t\t\t\tspinner:\"spinner0\",\n\t\t\t\t\t\t\t\tperspectiveType:\"local\",\n\t\t\t\t\t\t\t\tresponsiveLevels:\"1240,1024,1024,1024\",\n\t\t\t\t\t\t\t\tprogressBar:{disableProgressBar:true},\n\t\t\t\t\t\t\t\tnavigation: {\n\t\t\t\t\t\t\t\t\tonHoverStop:false\n\t\t\t\t\t\t\t\t},\n\t\t\t\t\t\t\t\tfallbacks: {\n\t\t\t\t\t\t\t\t\tallowHTML5AutoPlayOnAndroid:true\n\t\t\t\t\t\t\t\t},\n\t\t\t\t\t\t\t});\n\t\t\t\t\t\t}\n\t\t\t\t\t\t\n\t\t\t\t\t});\n\t\t\t\t\t} \/\/ End of RevInitScript\n\t\t\t\tvar once_revslider111 = false;\n\t\t\t\tif (document.readyState === \"loading\") {document.addEventListener('readystatechange',function() { if((document.readyState === \"interactive\" || document.readyState === \"complete\") && !once_revslider111 ) { once_revslider111 = true; revinit_revslider111();}});} else {once_revslider111 = true; revinit_revslider111();}\n\t\t\t\t<\/script>\n\t\t\t<\/rs-module-wrap>\n\t\t\t<!-- END REVOLUTION SLIDER -->\n\n\t\t<\/div> \n\t<\/div> <\/div>\n <div class=\"row\">\n\t<div class=\"wpb_content_element span12 wpb_text_column\">\n\t\t<div class=\"wpb_wrapper clearfix\">\n\t\t\t\n<p>&nbsp;<\/p>\n<h5><img loading=\"lazy\" class=\" wp-image-9055 alignleft\" src=\"http:\/\/www.karadenizcam.com.tr\/wp-content\/uploads\/2020\/11\/qms-300x225.png\" alt=\"\" width=\"361\" height=\"290\" \/><\/h5>\n<p>&nbsp;<\/p>\n<p><strong>Kalite Politikam\u0131z<\/strong><\/p>\n<p>\u2013 M\u00fc\u015fteri beklentilerine uygun tezyinat i\u015flerini ger\u00e7ekle\u015ftirmeyi,<\/p>\n<p>\u2013 Kalite Y\u00f6netim Sistemine uygun \u00e7al\u0131\u015fmay\u0131,<\/p>\n<p>\u2013 T\u00fcm faaliyetlerinde ahlak kurallar\u0131na uymay\u0131 ve d\u00fcr\u00fcst olmay\u0131,<\/p>\n<p>\u2013 M\u00fc\u015fterilerin memnuniyetini sa\u011flamay\u0131<\/p>\n<p>\u2013 T\u00fcm \u00e7al\u0131\u015fanlar\u0131n kat\u0131l\u0131m\u0131yla sistemi s\u00fcrekli iyile\u015ftirmeyi ve geli\u015ftirmeyi,<\/p>\n<p>\u2013 Sekt\u00f6r\u00fcnde yeniliklerde \u00f6nc\u00fc olmay\u0131.<\/p>\n<p>&nbsp;<\/p>\n\n\t\t<\/div> \n\t<\/div> <\/div>\n <div class=\"row\">\n\t<div class=\"wpb_content_element span12 wpb_text_column\">\n\t\t<div class=\"wpb_wrapper clearfix\">\n\t\t\t\n<p>&nbsp;<\/p>\n<p><img loading=\"lazy\" class=\" wp-image-9064 alignleft\" src=\"http:\/\/www.karadenizcam.com.tr\/wp-content\/uploads\/2020\/11\/sas-300x225.png\" alt=\"\" width=\"373\" height=\"280\" srcset=\"http:\/\/www.karadenizcam.com.tr\/wp-content\/uploads\/2020\/11\/sas-300x225.png 300w, http:\/\/www.karadenizcam.com.tr\/wp-content\/uploads\/2020\/11\/sas-94x70.png 94w, http:\/\/www.karadenizcam.com.tr\/wp-content\/uploads\/2020\/11\/sas.png 454w\" sizes=\"(max-width: 373px) 100vw, 373px\" \/><\/p>\n<p><strong>\u00c7evre Politikam\u0131z<\/strong><\/p>\n<p>\u00c7evremizi korumak ve s\u00fcreklili\u011fini sa\u011flamak i\u00e7in, t\u00fcm \u00e7evre yasalar\u0131 ve y\u00f6<\/p>\n<p>netmeliklerine uyarak \u00e7evre etkilerini kontrol alt\u0131nda tutmak ve etkilerini azaltarak \u00e7evre performans\u0131m\u0131z\u0131 s\u00fcrekli iyile\u015ftirmek ve bu bilinci ger\u00e7ekle\u015ftirerek, gelecek ku\u015faklara ya\u015fan\u0131labilir temiz bir \u00e7evre b\u0131rakmakt\u0131r.<\/p>\n<p>\u00c7evre ile ilgili t\u00fcm yasal gereklilikler ile m\u00fc\u015fteri gerekliliklerini sa\u011flayarak, s\u00fcrekli geli\u015fim ve iyile\u015ftirme sa\u011flamak.<\/p>\n<p>Ofis yat\u0131r\u0131mlar\u0131nda \u00e7evresel etkileri g\u00f6z \u00f6n\u00fcnde bulundurmak.<\/p>\n<p>T\u00fcm at\u0131klar\u0131m\u0131z\u0131 minimuma indirmek, kirlili\u011fi kayna\u011f\u0131nda \u00f6nlemek, m\u00fcmk\u00fcn oldu\u011funca geri kazanmay\u0131, geri kazan\u0131m\u0131 olmayan at\u0131klar\u0131m\u0131z\u0131 \u00e7evreye zarar vermeyecek \u015fekilde bertaraf etmeyi, ettirmeyi b\u00f6ylece \u00e7evre \u00fczerindeki etkilerini azaltmak.<\/p>\n<p>\u00c7al\u0131\u015fanlar\u0131m\u0131za, tedarik\u00e7i ve ta\u015feronlar\u0131m\u0131za \u00e7evre ile ilgili e\u011fitimler vererek onlar\u0131 \u00e7evre konusunda bilin\u00e7lendirmek.<\/p>\n<p>\u00c7evresel performans\u0131m\u0131z\u0131n artmas\u0131 y\u00f6n\u00fcnde \u00e7evre y\u00f6netim sistemimizi s\u00fcrekli iyile\u015ftirmek.<\/p>\n<p>Bu ama\u00e7 ve hedeflere ula\u015fmak i\u00e7in periyodik olarak g\u00f6zden ge\u00e7irmeleri taahh\u00fct eder.<\/p>\n<p>&nbsp;<\/p>\n\n\t\t<\/div> \n\t<\/div> <\/div>\n <div class=\"row\">\n\t<div class=\"wpb_content_element span12 wpb_text_column\">\n\t\t<div class=\"wpb_wrapper clearfix\">\n\t\t\t\n<p>&nbsp;<\/p>\n<p><img loading=\"lazy\" class=\" wp-image-9070 alignleft\" src=\"http:\/\/www.karadenizcam.com.tr\/wp-content\/uploads\/2020\/11\/kak-300x225.png\" alt=\"\" width=\"365\" height=\"274\" srcset=\"http:\/\/www.karadenizcam.com.tr\/wp-content\/uploads\/2020\/11\/kak-300x225.png 300w, http:\/\/www.karadenizcam.com.tr\/wp-content\/uploads\/2020\/11\/kak-94x70.png 94w, http:\/\/www.karadenizcam.com.tr\/wp-content\/uploads\/2020\/11\/kak.png 454w\" sizes=\"(max-width: 365px) 100vw, 365px\" \/><\/p>\n<div class=\"vc_row wpb_row vc_inner vc_row-fluid\">\n<div class=\"wpb_column vc_column_container vc_col-sm-6\">\n<div class=\"vc_column-inner \">\n<div class=\"wpb_wrapper\">\n<div class=\"wpb_text_column wpb_content_element \">\n<div class=\"wpb_wrapper\">\n<p><strong>\u0130SG Politikam\u0131z<\/strong><\/p>\n<p>KARADEN\u0130Z TEZ. SAN. \u0130N\u015e.TAAH.VE T\u0130C. LTD. \u015eT\u0130.\u00a0 \u00fcst y\u00f6netimi; \u00e7al\u0131\u015fanlar\u0131n\u0131n i\u015f sa\u011fl\u0131\u011f\u0131 ve g\u00fcvenli\u011fini sa\u011flamak i\u00e7in gerekli olan\u0131 yapar, bu husustaki ko\u015fullar\u0131 sa\u011flar, ara\u00e7lar\u0131 ve gere\u00e7leri noksans\u0131z olarak bulundurur, t\u00fcm \u00e7al\u0131\u015fanlar\u0131 da;\u00a0 yapt\u0131klar\u0131 i\u015flerde i\u015f sa\u011fl\u0131\u011f\u0131 ve g\u00fcvenli\u011fine ili\u015fkin kurallara kesinlikle uymay\u0131 hedef ilke olarak benimser.<\/p>\n<p>KARADEN\u0130Z TEZ. SAN. \u0130N\u015e.TAAH.VE T\u0130C. LTD. \u015eT\u0130. ulusal, uluslar aras\u0131 ve \u00e7al\u0131\u015f\u0131lan y\u00f6rede y\u00fcr\u00fcrl\u00fckte bulunan t\u00fcm \u0130\u015f\u00e7i Sa\u011fl\u0131\u011f\u0131 ve \u0130\u015f G\u00fcvenli\u011fi mevzuat\u0131na (kanun, t\u00fcz\u00fck ve y\u00f6netmeliklere) ve \u015fartnamelere uymay\u0131 taahh\u00fct eder.<\/p>\n<p>KARADEN\u0130Z TEZ. SAN. \u0130N\u015e.TAAH.VE T\u0130C. LTD. \u015eT\u0130. t\u00fcm faaliyetlerinde, \u0130\u015f Sa\u011fl\u0131\u011f\u0131 ve G\u00fcvenli\u011fi Y\u00f6netim Sisteminin uygulanmas\u0131, devam ettirilmesi ve b\u00fct\u00fcn \u00e7al\u0131\u015fanlara duyurulmas\u0131n\u0131 sa\u011flayacak y\u00f6n ve hedeflerin tesisi, desteklenmesi ve s\u00fcreklili\u011finin sa\u011flanmas\u0131 i\u00e7in, \u0130SG Y\u00f6netim Sistemini kurar ve yaz\u0131l\u0131 hale getirir.<\/p>\n<p>KARADEN\u0130Z TEZ. SAN. \u0130N\u015e.TAAH.VE T\u0130C. LTD. \u015eT\u0130. t\u00fcm faaliyetleri s\u0131ras\u0131nda kaza olma olas\u0131l\u0131\u011f\u0131n\u0131 kayna\u011f\u0131nda \u00f6nleyerek kazalar\u0131 en aza indirir ve meslek hastal\u0131\u011f\u0131\u00a0<u>olu\u015fmamas\u0131<\/u>\u00a0y\u00f6n\u00fcnde \u00e7aba g\u00f6stermeyi ilke edinir.<\/p>\n<\/div>\n<\/div>\n<\/div>\n<\/div>\n<\/div>\n<\/div>\n<div class=\"wpb_text_column wpb_content_element \">\n<div class=\"wpb_wrapper\">\n<p>Kurulan sistemin ve al\u0131nan \u00f6nlemlerin kal\u0131c\u0131l\u0131\u011f\u0131n\u0131, korunmas\u0131n\u0131 ve s\u00fcreklili\u011fini temin etmek, sistemin yeterli ve etkin bi\u00e7imde uygulanmas\u0131n\u0131 sa\u011flamak amac\u0131yla, i\u00e7 denetimler ile performans \u00f6l\u00e7\u00fcl\u00fcr ve \u00fcst y\u00f6netimce g\u00f6zden ge\u00e7irilir. S\u00fcrekli iyile\u015ftirmeyi ger\u00e7ekle\u015ftirmek i\u00e7in ama\u00e7 ve hedefler belirlenir, bu ama\u00e7 ve hedefler do\u011frultusunda \u0130\u015f Sa\u011fl\u0131\u011f\u0131 ve G\u00fcvenli\u011fi y\u00f6netim programlar\u0131 olu\u015fturulur, ki\u015filerin yetki ve sorumluluklar\u0131 tariflenir,\u00a0 E\u011fitim, Bilgilendirme, Denetleme \u00e7al\u0131\u015fmalar\u0131 ile s\u00fcreklili\u011fi sa\u011flan\u0131r. Tedarik\u00e7ilerimizin de TS 18001 \u0130\u015f Sa\u011fl\u0131\u011f\u0131 ve G\u00fcvenli\u011fi Y\u00f6netim Sistemi Standard\u0131na uygun \u00e7al\u0131\u015fma yapmalar\u0131n\u0131 ister.<\/p>\n<p>KARADEN\u0130Z TEZ. SAN. \u0130N\u015e.TAAH.VE T\u0130C. LTD. \u015eT\u0130. \u00dcst Y\u00f6netimi ve t\u00fcm \u00e7al\u0131\u015fanlar\u0131 \u201cHi\u00e7bir i\u015f;\u00a0 \u00e7al\u0131\u015fanlar\u0131n can g\u00fcvenli\u011fini ve sa\u011fl\u0131\u011f\u0131n\u0131 tehlikeye sokacak kadar acil ve \u00f6nemli de\u011fildir.\u201d d\u00fc\u015f\u00fcncesiyle yola \u00e7\u0131kar.<\/p>\n<\/div>\n<\/div>\n\n\t\t<\/div> \n\t<\/div> <\/div>\n\n<div class=\"blank_spacer span12 \" style=\"height:50px;\"><\/div>\n <div class=\"row\">\n\t<div class=\"wpb_content_element span12 wpb_text_column\">\n\t\t<div class=\"wpb_wrapper clearfix\">\n\t\t\t\n<h2 style=\"text-align: center;\"><strong>REFERANSLARIMIZ<\/strong><\/h2>\n\n\t\t<\/div> \n\t<\/div> <\/div>\n <div class=\"row\">\n\t<div class=\"wpb_testimonial_slider_widget wpb_content_element span3 testimonial\">\n\t\t<div class=\"wpb_wrapper slider-wrap\">\n\t\t\t<div class=\"flexslider testimonials-slider content-slider\" data-animation=\"slide\" data-autoplay=\"yes\"><ul class=\"slides\"><li class=\"testimonial\"><div class=\"testimonial-text text-normal\"><img class=\"alignleft size-full wp-image-9332\" src=\"http:\/\/www.karadenizcam.com.tr\/wp-content\/uploads\/2021\/01\/brandsis.png\" alt=\"\" width=\"228\" height=\"70\" \/><\/div><cite><\/cite><\/li><li class=\"testimonial\"><div class=\"testimonial-text text-normal\"><img class=\"alignleft size-full wp-image-9330\" src=\"http:\/\/www.karadenizcam.com.tr\/wp-content\/uploads\/2021\/01\/brandhavrano.png\" alt=\"\" width=\"228\" height=\"70\" \/><\/div><cite><\/cite><\/li><li class=\"testimonial\"><div class=\"testimonial-text text-normal\"><img class=\"alignleft size-full wp-image-9331\" src=\"http:\/\/www.karadenizcam.com.tr\/wp-content\/uploads\/2021\/01\/brandraina.png\" alt=\"\" width=\"228\" height=\"70\" \/><\/div><cite><\/cite><\/li><\/ul><\/div>\n\t\t<\/div> \n\t<\/div>  \n\t<div class=\"wpb_testimonial_slider_widget wpb_content_element span3 testimonial\">\n\t\t<div class=\"wpb_wrapper slider-wrap\">\n\t\t\t<div class=\"flexslider testimonials-slider content-slider\" data-animation=\"slide\" data-autoplay=\"yes\"><ul class=\"slides\"><li class=\"testimonial\"><div class=\"testimonial-text text-normal\"><img class=\"alignleft wp-image-9450 size-full\" src=\"http:\/\/www.karadenizcam.com.tr\/wp-content\/uploads\/2021\/01\/mey-1.png\" alt=\"\" width=\"210\" height=\"70\" \/><\/div><cite><\/cite><\/li><li class=\"testimonial\"><div class=\"testimonial-text text-normal\"><img class=\"alignleft size-full wp-image-9334\" src=\"http:\/\/www.karadenizcam.com.tr\/wp-content\/uploads\/2021\/01\/marcambrand.png\" alt=\"\" width=\"228\" height=\"70\" \/><\/div><cite><\/cite><\/li><li class=\"testimonial\"><div class=\"testimonial-text text-normal\"><img class=\"alignleft size-full wp-image-9333\" src=\"http:\/\/www.karadenizcam.com.tr\/wp-content\/uploads\/2021\/01\/hunbrand.png\" alt=\"\" width=\"228\" height=\"70\" \/><\/div><cite><\/cite><\/li><li class=\"testimonial\"><div class=\"testimonial-text text-normal\"><img class=\"alignleft size-full wp-image-9335\" src=\"http:\/\/www.karadenizcam.com.tr\/wp-content\/uploads\/2021\/01\/parkcam.png\" alt=\"\" width=\"228\" height=\"70\" \/><\/div><cite><\/cite><\/li><\/ul><\/div>\n\t\t<\/div> \n\t<\/div>  \n\t<div class=\"wpb_testimonial_slider_widget wpb_content_element span3 testimonial\">\n\t\t<div class=\"wpb_wrapper slider-wrap\">\n\t\t\t<div class=\"flexslider testimonials-slider content-slider\" data-animation=\"slide\" data-autoplay=\"yes\"><ul class=\"slides\"><li class=\"testimonial\"><div class=\"testimonial-text text-normal\"><img class=\"alignleft size-full wp-image-9329\" src=\"http:\/\/www.karadenizcam.com.tr\/wp-content\/uploads\/2021\/01\/brandfus.png\" alt=\"\" width=\"228\" height=\"70\" \/><\/div><cite><\/cite><\/li><li class=\"testimonial\"><div class=\"testimonial-text text-normal\"><img class=\"alignleft size-full wp-image-9327\" src=\"http:\/\/www.karadenizcam.com.tr\/wp-content\/uploads\/2021\/01\/brandayyo.png\" alt=\"\" width=\"228\" height=\"70\" \/><\/div><cite><\/cite><\/li><li class=\"testimonial\"><div class=\"testimonial-text text-normal\"><img class=\"alignleft size-full wp-image-9328\" src=\"http:\/\/www.karadenizcam.com.tr\/wp-content\/uploads\/2021\/01\/brandbeyo.png\" alt=\"\" width=\"228\" height=\"70\" \/><\/div><cite><\/cite><\/li><\/ul><\/div>\n\t\t<\/div> \n\t<\/div>  \n\t<div class=\"wpb_testimonial_slider_widget wpb_content_element span3 testimonial\">\n\t\t<div class=\"wpb_wrapper slider-wrap\">\n\t\t\t<div class=\"flexslider testimonials-slider content-slider\" data-animation=\"slide\" data-autoplay=\"yes\"><ul class=\"slides\"><li class=\"testimonial\"><div class=\"testimonial-text text-normal\"><img class=\"alignleft size-full wp-image-9261\" src=\"http:\/\/www.karadenizcam.com.tr\/wp-content\/uploads\/2020\/12\/brandefe.png\" alt=\"\" width=\"228\" height=\"70\" \/><\/div><cite><\/cite><\/li><li class=\"testimonial\"><div class=\"testimonial-text text-normal\"><img class=\"alignleft wp-image-9449 size-full\" src=\"http:\/\/www.karadenizcam.com.tr\/wp-content\/uploads\/2021\/01\/anadolu-1.jpg\" alt=\"\" width=\"228\" height=\"70\" \/><\/div><cite><\/cite><\/li><li class=\"testimonial\"><div class=\"testimonial-text text-normal\"><img class=\"alignleft size-full wp-image-9257\" src=\"http:\/\/www.karadenizcam.com.tr\/wp-content\/uploads\/2020\/12\/antbrand.png\" alt=\"\" width=\"228\" height=\"70\" \/><\/div><cite><\/cite><\/li><li class=\"testimonial\"><div class=\"testimonial-text text-normal\"><img class=\"alignleft size-full wp-image-9326\" src=\"http:\/\/www.karadenizcam.com.tr\/wp-content\/uploads\/2021\/01\/arsbrand.png\" alt=\"\" width=\"228\" height=\"70\" \/><\/div><cite><\/cite><\/li><li class=\"testimonial\"><div class=\"testimonial-text text-normal\"><img class=\"alignleft size-full wp-image-9265\" src=\"http:\/\/www.karadenizcam.com.tr\/wp-content\/uploads\/2020\/12\/brandpasa.png\" alt=\"\" width=\"228\" height=\"70\" \/><\/div><cite><\/cite><\/li><\/ul><\/div>\n\t\t<\/div> \n\t<\/div> <\/div>\n\n","protected":false},"excerpt":{"rendered":"","protected":false},"author":1,"featured_media":0,"parent":0,"menu_order":0,"comment_status":"closed","ping_status":"closed","template":"","meta":[],"_links":{"self":[{"href":"http:\/\/www.karadenizcam.com.tr\/index.php?rest_route=\/wp\/v2\/pages\/8993"}],"collection":[{"href":"http:\/\/www.karadenizcam.com.tr\/index.php?rest_route=\/wp\/v2\/pages"}],"about":[{"href":"http:\/\/www.karadenizcam.com.tr\/index.php?rest_route=\/wp\/v2\/types\/page"}],"author":[{"embeddable":true,"href":"http:\/\/www.karadenizcam.com.tr\/index.php?rest_route=\/wp\/v2\/users\/1"}],"replies":[{"embeddable":true,"href":"http:\/\/www.karadenizcam.com.tr\/index.php?rest_route=%2Fwp%2Fv2%2Fcomments&post=8993"}],"version-history":[{"count":35,"href":"http:\/\/www.karadenizcam.com.tr\/index.php?rest_route=\/wp\/v2\/pages\/8993\/revisions"}],"predecessor-version":[{"id":9424,"href":"http:\/\/www.karadenizcam.com.tr\/index.php?rest_route=\/wp\/v2\/pages\/8993\/revisions\/9424"}],"wp:attachment":[{"href":"http:\/\/www.karadenizcam.com.tr\/index.php?rest_route=%2Fwp%2Fv2%2Fmedia&parent=8993"}],"curies":[{"name":"wp","href":"https:\/\/api.w.org\/{rel}","templated":true}]}}