{"id":8999,"date":"2020-10-26T10:13:43","date_gmt":"2020-10-26T10:13:43","guid":{"rendered":"http:\/\/www.karadenizcam.com.tr\/?page_id=8999"},"modified":"2021-01-21T15:14:55","modified_gmt":"2021-01-21T15:14:55","slug":"camin-surdurulebilirligi","status":"publish","type":"page","link":"http:\/\/www.karadenizcam.com.tr\/?page_id=8999","title":{"rendered":"Cam\u0131n S\u00fcrd\u00fcr\u00fclebilirli\u011fi"},"content":{"rendered":"<div class=\"row\">\n\t<div class=\"wpb_showcase_widget wpb_content_element span12\">\n\t\t<div class=\"wpb_wrapper showcase-wrap\">\n\t\t\t\t\n\t\t\t<!-- START cam REVOLUTION SLIDER 6.2.23 --><p class=\"rs-p-wp-fix\"><\/p>\n\t\t\t<rs-module-wrap id=\"rev_slider_10_1_wrapper\" data-source=\"gallery\" style=\"background:transparent;padding:0;margin:0px auto;margin-top:0;margin-bottom:0;\">\n\t\t\t\t<rs-module id=\"rev_slider_10_1\" style=\"\" data-version=\"6.2.23\">\n\t\t\t\t\t<rs-slides>\n\t\t\t\t\t\t<rs-slide data-key=\"rs-23\" data-title=\"Slide\" data-anim=\"ei:d;eo:d;s:600;r:0;t:fade;sl:d;\">\n\t\t\t\t\t\t\t<img src=\"\/\/www.karadenizcam.com.tr\/wp-content\/uploads\/revslider\/Glasrecycling1.jpg\" title=\"Cam\u0131n S\u00fcrd\u00fcr\u00fclebilirli\u011fi\" class=\"rev-slidebg\" data-no-retina>\n<!---->\t\t\t\t\t\t<\/rs-slide>\n\t\t\t\t\t<\/rs-slides>\n\t\t\t\t<\/rs-module>\n\t\t\t\t<script type=\"text\/javascript\">\n\t\t\t\t\tsetREVStartSize({c: 'rev_slider_10_1',rl:[1240,1024,1024,1024],el:[],gw:[1240,1024,1024,1024],gh:[400,400,400,400],type:'standard',justify:'',layout:'fullwidth',mh:\"0\"});\n\t\t\t\t\tvar\trevapi10,\n\t\t\t\t\t\ttpj;\n\t\t\t\t\tfunction revinit_revslider101() {\n\t\t\t\t\tjQuery(function() {\n\t\t\t\t\t\ttpj = jQuery;\n\t\t\t\t\t\trevapi10 = tpj(\"#rev_slider_10_1\");\n\t\t\t\t\t\tif(revapi10==undefined || revapi10.revolution == undefined){\n\t\t\t\t\t\t\trevslider_showDoubleJqueryError(\"rev_slider_10_1\");\n\t\t\t\t\t\t}else{\n\t\t\t\t\t\t\trevapi10.revolution({\n\t\t\t\t\t\t\t\tsliderLayout:\"fullwidth\",\n\t\t\t\t\t\t\t\tvisibilityLevels:\"1240,1024,1024,1024\",\n\t\t\t\t\t\t\t\tgridwidth:\"1240,1024,1024,1024\",\n\t\t\t\t\t\t\t\tgridheight:\"400,400,400,400\",\n\t\t\t\t\t\t\t\tspinner:\"spinner0\",\n\t\t\t\t\t\t\t\tperspectiveType:\"local\",\n\t\t\t\t\t\t\t\tresponsiveLevels:\"1240,1024,1024,1024\",\n\t\t\t\t\t\t\t\tprogressBar:{disableProgressBar:true},\n\t\t\t\t\t\t\t\tnavigation: {\n\t\t\t\t\t\t\t\t\tonHoverStop:false\n\t\t\t\t\t\t\t\t},\n\t\t\t\t\t\t\t\tfallbacks: {\n\t\t\t\t\t\t\t\t\tallowHTML5AutoPlayOnAndroid:true\n\t\t\t\t\t\t\t\t},\n\t\t\t\t\t\t\t});\n\t\t\t\t\t\t}\n\t\t\t\t\t\t\n\t\t\t\t\t});\n\t\t\t\t\t} \/\/ End of RevInitScript\n\t\t\t\tvar once_revslider101 = false;\n\t\t\t\tif (document.readyState === \"loading\") {document.addEventListener('readystatechange',function() { if((document.readyState === \"interactive\" || document.readyState === \"complete\") && !once_revslider101 ) { once_revslider101 = true; revinit_revslider101();}});} else {once_revslider101 = true; revinit_revslider101();}\n\t\t\t\t<\/script>\n\t\t\t<\/rs-module-wrap>\n\t\t\t<!-- END REVOLUTION SLIDER -->\n\n\t\t<\/div> \n\t<\/div> <\/div>\n <div class=\"blank_spacer span12 \" style=\"height:50px;\"><\/div>\n <div class=\"row\">\n\t<div class=\"wpb_content_element span12 wpb_text_column\">\n\t\t<div class=\"wpb_wrapper clearfix\">\n\t\t\t\n<table style=\"border-collapse: collapse; width: 100%;\">\n<tbody>\n<tr>\n<td style=\"width: 50%;\"><img loading=\"lazy\" class=\" wp-image-9074 alignleft\" src=\"http:\/\/www.karadenizcam.com.tr\/wp-content\/uploads\/2020\/11\/hkkibanner-copy-300x256.png\" alt=\"\" width=\"436\" height=\"372\" srcset=\"http:\/\/www.karadenizcam.com.tr\/wp-content\/uploads\/2020\/11\/hkkibanner-copy-300x256.png 300w, http:\/\/www.karadenizcam.com.tr\/wp-content\/uploads\/2020\/11\/hkkibanner-copy.png 488w\" sizes=\"(max-width: 436px) 100vw, 436px\" \/><\/td>\n<td style=\"width: 50%;\">\n<div class=\"arrowpress_container \">\n<div class=\" arrowpress-heading heading-1 arrowpress_heading-1987286259 text-left left-pos\" data-animation-delay=\"500\" data-animation=\"\">\n<div class=\"small-title\">\n<p>CAMIN S\u00dcRD\u00dcR\u00dcLEB\u0130L\u0130RL\u0130\u011e\u0130<\/p>\n<\/div>\n<h2 class=\"title-heading\">CAM B\u0130R \u0130FADED\u0130R<\/h2>\n<\/div>\n<\/div>\n<div class=\"wpb_text_column wpb_content_element \">\n<div class=\"wpb_wrapper\">\n<p>\u00dcretim ve i\u015fleme konusunda en y\u00fcksek kalite standartlar\u0131 bizim i\u00e7in yeterli de\u011fildir. \u00c7evremizin korunmas\u0131ndan da sorumluluk al\u0131yoruz. Sizin ve bizim i\u00e7in fizyolojik olarak zarars\u0131z ve \u00e7evre dostu bir \u00fcretime b\u00fcy\u00fck \u00f6nem veriyoruz. Cam bir ifadedir. Caml\u0131 ambalaj tercih edenler, kaliteye ve s\u00fcrd\u00fcr\u00fclebilirli\u011fe de\u011fer veriyor demektir.<\/p>\n<p><strong>Kademesiz olarak geri d\u00f6n\u00fc\u015ft\u00fcr\u00fclebilir:<\/strong>\u00a0cam y\u00fczde 100 geri d\u00f6n\u00fc\u015ft\u00fcr\u00fclebilir. Ortalama olarak, her bir cam \u015fi\u015fe bug\u00fcn% 90\u2019a varan renklere sahip % 60 at\u0131k camdan olu\u015fur. Cam s\u00fcrekli olarak geri d\u00f6n\u00fc\u015ft\u00fcr\u00fclebilir- tutarl\u0131 kalite ve safl\u0131k ile.<\/p>\n<p><strong>Ebedi olarak kan\u0131tlanm\u0131\u015f:<\/strong>\u00a0Cam, insanl\u0131\u011f\u0131n en eski materyallerinden biridir. Ambalaj malzemesi olarak gaz s\u0131zd\u0131rmaz, tats\u0131zd\u0131r ve di\u011fer malzemelere m\u00fcdahale etmez. Cam, g\u0131da ve t\u00fcketici sa\u011fl\u0131\u011f\u0131n\u0131 korur<\/p>\n<\/div>\n<\/div>\n<\/td>\n<\/tr>\n<\/tbody>\n<\/table>\n\n\t\t<\/div> \n\t<\/div> <\/div>\n <div class=\"blank_spacer span12 \" style=\"height:50px;\"><\/div>\n <div class=\"row\">\n\t<div class=\"wpb_content_element span12 wpb_text_column\">\n\t\t<div class=\"wpb_wrapper clearfix\">\n\t\t\t\n<h2 style=\"text-align: center;\"><strong>REFERANSLARIMIZ<\/strong><\/h2>\n\n\t\t<\/div> \n\t<\/div> <\/div>\n <div class=\"row\">\n\t<div class=\"wpb_testimonial_slider_widget wpb_content_element span3 testimonial\">\n\t\t<div class=\"wpb_wrapper slider-wrap\">\n\t\t\t<div class=\"flexslider testimonials-slider content-slider\" data-animation=\"slide\" data-autoplay=\"yes\"><ul class=\"slides\"><li class=\"testimonial\"><div class=\"testimonial-text text-normal\"><img class=\"alignleft size-full wp-image-9330\" src=\"http:\/\/www.karadenizcam.com.tr\/wp-content\/uploads\/2021\/01\/brandhavrano.png\" alt=\"\" width=\"228\" height=\"70\" \/><\/div><cite><\/cite><\/li><li class=\"testimonial\"><div class=\"testimonial-text text-normal\"><img class=\"alignleft size-full wp-image-9332\" src=\"http:\/\/www.karadenizcam.com.tr\/wp-content\/uploads\/2021\/01\/brandsis.png\" alt=\"\" width=\"228\" height=\"70\" \/><\/div><cite><\/cite><\/li><li class=\"testimonial\"><div class=\"testimonial-text text-normal\"><img class=\"alignleft size-full wp-image-9331\" src=\"http:\/\/www.karadenizcam.com.tr\/wp-content\/uploads\/2021\/01\/brandraina.png\" alt=\"\" width=\"228\" height=\"70\" \/><\/div><cite><\/cite><\/li><\/ul><\/div>\n\t\t<\/div> \n\t<\/div>  \n\t<div class=\"wpb_testimonial_slider_widget wpb_content_element span3 testimonial\">\n\t\t<div class=\"wpb_wrapper slider-wrap\">\n\t\t\t<div class=\"flexslider testimonials-slider content-slider\" data-animation=\"slide\" data-autoplay=\"yes\"><ul class=\"slides\"><li class=\"testimonial\"><div class=\"testimonial-text text-normal\"><img class=\"alignleft size-full wp-image-9333\" src=\"http:\/\/www.karadenizcam.com.tr\/wp-content\/uploads\/2021\/01\/hunbrand.png\" alt=\"\" width=\"228\" height=\"70\" \/><\/div><cite><\/cite><\/li><li class=\"testimonial\"><div class=\"testimonial-text text-normal\"><img class=\"alignleft size-full wp-image-9335\" src=\"http:\/\/www.karadenizcam.com.tr\/wp-content\/uploads\/2021\/01\/parkcam.png\" alt=\"\" width=\"228\" height=\"70\" \/><\/div><cite><\/cite><\/li><li class=\"testimonial\"><div class=\"testimonial-text text-normal\"><img class=\"alignleft wp-image-9450 size-full\" src=\"http:\/\/www.karadenizcam.com.tr\/wp-content\/uploads\/2021\/01\/mey-1.png\" alt=\"\" width=\"210\" height=\"70\" \/><\/div><cite><\/cite><\/li><li class=\"testimonial\"><div class=\"testimonial-text text-normal\"><img class=\"alignleft size-full wp-image-9334\" src=\"http:\/\/www.karadenizcam.com.tr\/wp-content\/uploads\/2021\/01\/marcambrand.png\" alt=\"\" width=\"228\" height=\"70\" \/><\/div><cite><\/cite><\/li><\/ul><\/div>\n\t\t<\/div> \n\t<\/div>  \n\t<div class=\"wpb_testimonial_slider_widget wpb_content_element span3 testimonial\">\n\t\t<div class=\"wpb_wrapper slider-wrap\">\n\t\t\t<div class=\"flexslider testimonials-slider content-slider\" data-animation=\"slide\" data-autoplay=\"yes\"><ul class=\"slides\"><li class=\"testimonial\"><div class=\"testimonial-text text-normal\"><img class=\"alignleft size-full wp-image-9327\" src=\"http:\/\/www.karadenizcam.com.tr\/wp-content\/uploads\/2021\/01\/brandayyo.png\" alt=\"\" width=\"228\" height=\"70\" \/><\/div><cite><\/cite><\/li><li class=\"testimonial\"><div class=\"testimonial-text text-normal\"><img class=\"alignleft size-full wp-image-9329\" src=\"http:\/\/www.karadenizcam.com.tr\/wp-content\/uploads\/2021\/01\/brandfus.png\" alt=\"\" width=\"228\" height=\"70\" \/><\/div><cite><\/cite><\/li><li class=\"testimonial\"><div class=\"testimonial-text text-normal\"><img class=\"alignleft size-full wp-image-9328\" src=\"http:\/\/www.karadenizcam.com.tr\/wp-content\/uploads\/2021\/01\/brandbeyo.png\" alt=\"\" width=\"228\" height=\"70\" \/><\/div><cite><\/cite><\/li><\/ul><\/div>\n\t\t<\/div> \n\t<\/div>  \n\t<div class=\"wpb_testimonial_slider_widget wpb_content_element span3 testimonial\">\n\t\t<div class=\"wpb_wrapper slider-wrap\">\n\t\t\t<div class=\"flexslider testimonials-slider content-slider\" data-animation=\"slide\" data-autoplay=\"yes\"><ul class=\"slides\"><li class=\"testimonial\"><div class=\"testimonial-text text-normal\"><img class=\"alignleft size-full wp-image-9257\" src=\"http:\/\/www.karadenizcam.com.tr\/wp-content\/uploads\/2020\/12\/antbrand.png\" alt=\"\" width=\"228\" height=\"70\" \/><\/div><cite><\/cite><\/li><li class=\"testimonial\"><div class=\"testimonial-text text-normal\"><img class=\"alignleft wp-image-9449 size-full\" src=\"http:\/\/www.karadenizcam.com.tr\/wp-content\/uploads\/2021\/01\/anadolu-1.jpg\" alt=\"\" width=\"228\" height=\"70\" \/><\/div><cite><\/cite><\/li><li class=\"testimonial\"><div class=\"testimonial-text text-normal\"><img class=\"alignleft size-full wp-image-9265\" src=\"http:\/\/www.karadenizcam.com.tr\/wp-content\/uploads\/2020\/12\/brandpasa.png\" alt=\"\" width=\"228\" height=\"70\" \/><\/div><cite><\/cite><\/li><li class=\"testimonial\"><div class=\"testimonial-text text-normal\"><img class=\"alignleft size-full wp-image-9261\" src=\"http:\/\/www.karadenizcam.com.tr\/wp-content\/uploads\/2020\/12\/brandefe.png\" alt=\"\" width=\"228\" height=\"70\" \/><\/div><cite><\/cite><\/li><li class=\"testimonial\"><div class=\"testimonial-text text-normal\"><img class=\"alignleft size-full wp-image-9326\" src=\"http:\/\/www.karadenizcam.com.tr\/wp-content\/uploads\/2021\/01\/arsbrand.png\" alt=\"\" width=\"228\" height=\"70\" \/><\/div><cite><\/cite><\/li><\/ul><\/div>\n\t\t<\/div> \n\t<\/div> <\/div>\n\n","protected":false},"excerpt":{"rendered":"","protected":false},"author":1,"featured_media":0,"parent":0,"menu_order":0,"comment_status":"closed","ping_status":"closed","template":"","meta":[],"_links":{"self":[{"href":"http:\/\/www.karadenizcam.com.tr\/index.php?rest_route=\/wp\/v2\/pages\/8999"}],"collection":[{"href":"http:\/\/www.karadenizcam.com.tr\/index.php?rest_route=\/wp\/v2\/pages"}],"about":[{"href":"http:\/\/www.karadenizcam.com.tr\/index.php?rest_route=\/wp\/v2\/types\/page"}],"author":[{"embeddable":true,"href":"http:\/\/www.karadenizcam.com.tr\/index.php?rest_route=\/wp\/v2\/users\/1"}],"replies":[{"embeddable":true,"href":"http:\/\/www.karadenizcam.com.tr\/index.php?rest_route=%2Fwp%2Fv2%2Fcomments&post=8999"}],"version-history":[{"count":10,"href":"http:\/\/www.karadenizcam.com.tr\/index.php?rest_route=\/wp\/v2\/pages\/8999\/revisions"}],"predecessor-version":[{"id":9427,"href":"http:\/\/www.karadenizcam.com.tr\/index.php?rest_route=\/wp\/v2\/pages\/8999\/revisions\/9427"}],"wp:attachment":[{"href":"http:\/\/www.karadenizcam.com.tr\/index.php?rest_route=%2Fwp%2Fv2%2Fmedia&parent=8999"}],"curies":[{"name":"wp","href":"https:\/\/api.w.org\/{rel}","templated":true}]}}