{"id":9202,"date":"2020-12-03T09:58:23","date_gmt":"2020-12-03T09:58:23","guid":{"rendered":"http:\/\/www.karadenizcam.com.tr\/?page_id=9202"},"modified":"2022-06-28T20:57:16","modified_gmt":"2022-06-28T20:57:16","slug":"tekniklerimiz","status":"publish","type":"page","link":"http:\/\/www.karadenizcam.com.tr\/?page_id=9202","title":{"rendered":"Tekniklerimiz"},"content":{"rendered":"<div class=\"row\">\n\t<div class=\"wpb_showcase_widget wpb_content_element span12\">\n\t\t<div class=\"wpb_wrapper showcase-wrap\">\n\t\t\t\t\n\t\t\t<!-- START teknik REVOLUTION SLIDER 6.2.23 --><p class=\"rs-p-wp-fix\"><\/p>\n\t\t\t<rs-module-wrap id=\"rev_slider_7_1_wrapper\" data-source=\"gallery\" style=\"background:transparent;padding:0;margin:0px auto;margin-top:0;margin-bottom:0;\">\n\t\t\t\t<rs-module id=\"rev_slider_7_1\" style=\"\" data-version=\"6.2.23\">\n\t\t\t\t\t<rs-slides>\n\t\t\t\t\t\t<rs-slide data-key=\"rs-20\" data-title=\"Slide\" data-anim=\"ei:d;eo:d;s:600;r:0;t:fade;sl:d;\">\n\t\t\t\t\t\t\t<img src=\"\/\/www.karadenizcam.com.tr\/wp-content\/plugins\/revslider\/public\/assets\/assets\/dummy.png\" title=\"tek\" width=\"1240\" height=\"500\" data-lazyload=\"\/\/www.karadenizcam.com.tr\/wp-content\/uploads\/2020\/12\/tek.jpg\" class=\"rev-slidebg\" data-no-retina>\n<!---->\t\t\t\t\t\t<\/rs-slide>\n\t\t\t\t\t<\/rs-slides>\n\t\t\t\t<\/rs-module>\n\t\t\t\t<script type=\"text\/javascript\">\n\t\t\t\t\tsetREVStartSize({c: 'rev_slider_7_1',rl:[1240,1024,1024,1024],el:[400,400,400,400],gw:[1240,1024,1024,1024],gh:[400,400,400,400],type:'standard',justify:'',layout:'fullwidth',mh:\"0\"});\n\t\t\t\t\tvar\trevapi7,\n\t\t\t\t\t\ttpj;\n\t\t\t\t\tfunction revinit_revslider71() {\n\t\t\t\t\tjQuery(function() {\n\t\t\t\t\t\ttpj = jQuery;\n\t\t\t\t\t\trevapi7 = tpj(\"#rev_slider_7_1\");\n\t\t\t\t\t\tif(revapi7==undefined || revapi7.revolution == undefined){\n\t\t\t\t\t\t\trevslider_showDoubleJqueryError(\"rev_slider_7_1\");\n\t\t\t\t\t\t}else{\n\t\t\t\t\t\t\trevapi7.revolution({\n\t\t\t\t\t\t\t\tsliderLayout:\"fullwidth\",\n\t\t\t\t\t\t\t\tvisibilityLevels:\"1240,1024,1024,1024\",\n\t\t\t\t\t\t\t\tgridwidth:\"1240,1024,1024,1024\",\n\t\t\t\t\t\t\t\tgridheight:\"400,400,400,400\",\n\t\t\t\t\t\t\t\tlazyType:\"smart\",\n\t\t\t\t\t\t\t\tspinner:\"spinner0\",\n\t\t\t\t\t\t\t\tperspective:600,\n\t\t\t\t\t\t\t\tperspectiveType:\"local\",\n\t\t\t\t\t\t\t\teditorheight:\"400,400,960,720\",\n\t\t\t\t\t\t\t\tresponsiveLevels:\"1240,1024,1024,1024\",\n\t\t\t\t\t\t\t\tprogressBar:{disableProgressBar:true},\n\t\t\t\t\t\t\t\tnavigation: {\n\t\t\t\t\t\t\t\t\tonHoverStop:false\n\t\t\t\t\t\t\t\t},\n\t\t\t\t\t\t\t\tfallbacks: {\n\t\t\t\t\t\t\t\t\tallowHTML5AutoPlayOnAndroid:true\n\t\t\t\t\t\t\t\t},\n\t\t\t\t\t\t\t});\n\t\t\t\t\t\t}\n\t\t\t\t\t\t\n\t\t\t\t\t});\n\t\t\t\t\t} \/\/ End of RevInitScript\n\t\t\t\tvar once_revslider71 = false;\n\t\t\t\tif (document.readyState === \"loading\") {document.addEventListener('readystatechange',function() { if((document.readyState === \"interactive\" || document.readyState === \"complete\") && !once_revslider71 ) { once_revslider71 = true; revinit_revslider71();}});} else {once_revslider71 = true; revinit_revslider71();}\n\t\t\t\t<\/script>\n\t\t\t<\/rs-module-wrap>\n\t\t\t<!-- END REVOLUTION SLIDER -->\n\n\t\t<\/div> \n\t<\/div> <\/div>\n <div class=\"row\">\n\t<div class=\"full-width-text wpb_content_element span12 wpb_text_column\">\n\t\t<div class=\"wpb_wrapper clearfix\">\n\t\t\t<div class=\"heading-wrap\"><h3 class=\"wpb_heading wpb_text_heading\">TEKN\u0130KLER\u0130M\u0130Z<\/h3><\/div>\n\t\t\t\n<table style=\"border-collapse: collapse; width: 100%; height: 747px;\">\n<tbody>\n<tr style=\"height: 139px;\">\n<td style=\"width: 58.4761%; height: 139px;\">\n<div class=\"arrowpress_container \">\n<div class=\" arrowpress-heading heading-1 arrowpress_heading-1103342196 text-left left-pos\" data-animation-delay=\"500\" data-animation=\"\">\n<h2 class=\"title-heading\" style=\"text-align: left;\"><strong>SER\u0130GRAF\u0130 BASKI<\/strong><\/h2>\n<\/div>\n<\/div>\n<div class=\"wpb_text_column wpb_content_element \">\n<div class=\"wpb_wrapper\">\n<p style=\"text-align: left;\">Organik\/UV bask\u0131da neredeyse s\u0131n\u0131rs\u0131z renk ve efekt \u00e7e\u015fitlili\u011fi m\u00fcmk\u00fcnd\u00fcr.<\/p>\n<p style=\"text-align: left;\">Seramik Termoplastik bask\u0131da, ger\u00e7ek alt\u0131n veya platin gibi de\u011ferli metalleri birle\u015ftirebilirsiniz.<\/p>\n<p style=\"text-align: left;\">Kombinasyonlar: Organik Boyama, Asit Sablaj\/Matlama, ve Metalize Kaplama gibi s\u00fcre\u00e7leriyle birle\u015ftirilebilir.<\/p>\n<\/div>\n<\/div>\n<\/td>\n<td style=\"width: 1.99996%; height: 139px;\"><\/td>\n<td style=\"width: 40.0476%; height: 139px;\"><img loading=\"lazy\" class=\"wp-image-9413 aligncenter\" src=\"http:\/\/www.karadenizcam.com.tr\/wp-content\/uploads\/2021\/01\/yeniseri.jpg\" alt=\"\" width=\"342\" height=\"250\" srcset=\"http:\/\/www.karadenizcam.com.tr\/wp-content\/uploads\/2021\/01\/yeniseri.jpg 1149w, http:\/\/www.karadenizcam.com.tr\/wp-content\/uploads\/2021\/01\/yeniseri-300x220.jpg 300w, http:\/\/www.karadenizcam.com.tr\/wp-content\/uploads\/2021\/01\/yeniseri-1024x750.jpg 1024w, http:\/\/www.karadenizcam.com.tr\/wp-content\/uploads\/2021\/01\/yeniseri-768x562.jpg 768w, http:\/\/www.karadenizcam.com.tr\/wp-content\/uploads\/2021\/01\/yeniseri-94x70.jpg 94w\" sizes=\"(max-width: 342px) 100vw, 342px\" \/><\/td>\n<\/tr>\n<tr style=\"height: 109px;\">\n<td style=\"width: 58.4761%; height: 109px;\">\n<div class=\"arrowpress_container \">\n<div class=\" arrowpress-heading heading-1 arrowpress_heading-1786416789 text-left left-pos\" data-animation-delay=\"500\" data-animation=\"\">\n<h2 class=\"title-heading\" style=\"text-align: left;\"><strong>MATLAMA \/ SABLAJ<\/strong><\/h2>\n<\/div>\n<\/div>\n<div class=\"wpb_text_column wpb_content_element \">\n<div class=\"wpb_wrapper\">\n<p style=\"text-align: left;\">T\u00fcrkiyede ilk ve tek FULL OTOMAT\u0130K Sablaj\/Matlama hatt\u0131;<\/p>\n<p style=\"text-align: left;\">\u015ei\u015feye \u00e7arp\u0131c\u0131 bir \u015fekilde p\u00fcr\u00fczs\u00fcz buzlu bir g\u00f6r\u00fcn\u00fcm vermektedir.<\/p>\n<p style=\"text-align: left;\">Bu teknik, Termoplastik,uv-boya,organik boya, alt\u0131n veya platin bask\u0131larla birle\u015ftirildi\u011finde, son \u00fcr\u00fcn i\u00e7in ince ve zarif bir g\u00f6r\u00fcn\u00fcm sa\u011flar.<\/p>\n<\/div>\n<\/div>\n<\/td>\n<td style=\"width: 1.99996%; height: 109px;\"><\/td>\n<td style=\"width: 40.0476%; height: 109px;\"><img loading=\"lazy\" class=\"aligncenter wp-image-9392\" src=\"http:\/\/www.karadenizcam.com.tr\/wp-content\/uploads\/2021\/01\/DBE4C615-2227-4EF6-B190-0018521760F9-e1611236509268.jpeg\" alt=\"\" width=\"137\" height=\"250\" \/><\/td>\n<\/tr>\n<tr style=\"height: 104px;\">\n<td style=\"width: 58.4761%; height: 104px; text-align: center;\">\n<div class=\"arrowpress_container \">\n<div class=\" arrowpress-heading heading-1 arrowpress_heading-3105737410 text-left left-pos\" data-animation-delay=\"500\" data-animation=\"\">\n<h2 class=\"title-heading\" style=\"text-align: left;\"><strong>ORGAN\u0130K BOYAMA<\/strong><\/h2>\n<\/div>\n<\/div>\n<div class=\"wpb_text_column wpb_content_element \">\n<div class=\"wpb_wrapper\">\n<p style=\"text-align: left;\">\u00dcr\u00fcn; PANTONE renk skalas\u0131 \u00fczerinden \u00e7evreye duyarl\u0131 su bazl\u0131 boyalar ile boyanmaktad\u0131r.<\/p>\n<p style=\"text-align: left;\">Kombinasyonlar: Transparan, Opak, Mat, Metalik ve Simli Boyama sonras\u0131 \u00a0di\u011fer teknikler ile, Folyo bask\u0131 veya UV-Bask\u0131 ile birle\u015ftirilebilinir.<\/p>\n<\/div>\n<\/div>\n<\/td>\n<td style=\"width: 1.99996%; height: 104px; text-align: center;\"><\/td>\n<td style=\"width: 40.0476%; height: 104px;\"><img loading=\"lazy\" class=\"wp-image-9412 aligncenter\" src=\"http:\/\/www.karadenizcam.com.tr\/wp-content\/uploads\/2021\/01\/yeni-raki-ala.png\" alt=\"\" width=\"61\" height=\"250\" \/><\/td>\n<\/tr>\n<tr style=\"height: 128px;\">\n<td style=\"width: 58.4761%; height: 128px;\">\n<div class=\"arrowpress_container \">\n<div class=\" arrowpress-heading heading-1 arrowpress_heading-1830088507 text-left left-pos\" data-animation-delay=\"500\" data-animation=\"\">\n<h2 class=\"title-heading\" style=\"text-align: left;\"><strong>SICAK BASKI<\/strong><\/h2>\n<\/div>\n<\/div>\n<div class=\"wpb_text_column wpb_content_element \">\n<div class=\"wpb_wrapper\">\n<p style=\"text-align: left;\">\u00dcr\u00fcnler \u00fczerinde, \u00e7e\u015fitli metalik tonlar ile s\u0131cak Folyo bask\u0131 yap\u0131lmaktad\u0131r.<\/p>\n<p style=\"text-align: left;\"><span lang=\"DE\">\u015eeffaf cam, Metalize, Asit Sablaj\/Matlamal\u0131 veya Organik Boyal\u0131 \u015fi\u015fe \u00fczerinde Folyobask\u0131 yap\u0131labilinir.<\/span><\/p>\n<\/div>\n<\/div>\n<\/td>\n<td style=\"width: 1.99996%; height: 128px;\"><\/td>\n<td style=\"width: 40.0476%; height: 128px;\"><img loading=\"lazy\" class=\"aligncenter wp-image-9390 size-full\" src=\"http:\/\/www.karadenizcam.com.tr\/wp-content\/uploads\/2021\/01\/5536B16C-A1E7-473A-93F6-F9A221252D8D-e1611237798414.jpeg\" alt=\"\" width=\"149\" height=\"250\" \/><\/td>\n<\/tr>\n<tr style=\"height: 267px;\">\n<td style=\"width: 58.4761%; height: 267px;\">\n<div class=\"arrowpress_container \">\n<div class=\" arrowpress-heading heading-1 arrowpress_heading-3241734465 text-left left-pos\" data-animation-delay=\"500\" data-animation=\"\">\n<h2 class=\"title-heading\" style=\"text-align: left;\"><strong>DEKA<\/strong><strong>L UYGULAMA<\/strong><\/h2>\n<\/div>\n<\/div>\n<div class=\"wpb_text_column wpb_content_element \">\n<div class=\"wpb_wrapper\">\n<p style=\"text-align: left;\">Serigrafi bask\u0131ya uygun olmayan \u00fcr\u00fcnlerde Seramik veya Organik transfer dekal uygulamas\u0131 yap\u0131l\u0131r.<\/p>\n<\/div>\n<\/div>\n<\/td>\n<td style=\"width: 1.99996%; height: 267px;\"><\/td>\n<td style=\"width: 40.0476%; height: 267px;\"><img loading=\"lazy\" class=\"size-full wp-image-9316 aligncenter\" src=\"http:\/\/www.karadenizcam.com.tr\/wp-content\/uploads\/2021\/01\/hunk.jpg\" alt=\"\" width=\"250\" height=\"250\" srcset=\"http:\/\/www.karadenizcam.com.tr\/wp-content\/uploads\/2021\/01\/hunk.jpg 250w, http:\/\/www.karadenizcam.com.tr\/wp-content\/uploads\/2021\/01\/hunk-150x150.jpg 150w\" sizes=\"(max-width: 250px) 100vw, 250px\" \/><\/td>\n<\/tr>\n<\/tbody>\n<\/table>\n\n\t\t<\/div> \n\t<\/div> <\/div>\n <div class=\"row\">\n\t<div class=\"wpb_content_element span12 wpb_text_column\">\n\t\t<div class=\"wpb_wrapper clearfix\">\n\t\t\t\n<h2 style=\"text-align: center;\"><strong>REFERANSLARIMIZ<\/strong><\/h2>\n\n\t\t<\/div> \n\t<\/div> <\/div>\n <div class=\"row\">\n\t<div class=\"wpb_testimonial_slider_widget wpb_content_element span3 testimonial\">\n\t\t<div class=\"wpb_wrapper slider-wrap\">\n\t\t\t<div class=\"flexslider testimonials-slider content-slider\" data-animation=\"slide\" data-autoplay=\"yes\"><ul class=\"slides\"><li class=\"testimonial\"><div class=\"testimonial-text text-normal\"><img class=\"alignleft size-full wp-image-9331\" src=\"http:\/\/www.karadenizcam.com.tr\/wp-content\/uploads\/2021\/01\/brandraina.png\" alt=\"\" width=\"228\" height=\"70\" \/><\/div><cite><\/cite><\/li><li class=\"testimonial\"><div class=\"testimonial-text text-normal\"><img class=\"alignleft size-full wp-image-9332\" src=\"http:\/\/www.karadenizcam.com.tr\/wp-content\/uploads\/2021\/01\/brandsis.png\" alt=\"\" width=\"228\" height=\"70\" \/><\/div><cite><\/cite><\/li><li class=\"testimonial\"><div class=\"testimonial-text text-normal\"><img class=\"alignleft size-full wp-image-9330\" src=\"http:\/\/www.karadenizcam.com.tr\/wp-content\/uploads\/2021\/01\/brandhavrano.png\" alt=\"\" width=\"228\" height=\"70\" \/><\/div><cite><\/cite><\/li><\/ul><\/div>\n\t\t<\/div> \n\t<\/div>  \n\t<div class=\"wpb_testimonial_slider_widget wpb_content_element span3 testimonial\">\n\t\t<div class=\"wpb_wrapper slider-wrap\">\n\t\t\t<div class=\"flexslider testimonials-slider content-slider\" data-animation=\"slide\" data-autoplay=\"yes\"><ul class=\"slides\"><li class=\"testimonial\"><div class=\"testimonial-text text-normal\"><img class=\"alignleft size-full wp-image-9334\" src=\"http:\/\/www.karadenizcam.com.tr\/wp-content\/uploads\/2021\/01\/marcambrand.png\" alt=\"\" width=\"228\" height=\"70\" \/><\/div><cite><\/cite><\/li><li class=\"testimonial\"><div class=\"testimonial-text text-normal\"><img class=\"alignleft size-full wp-image-9333\" src=\"http:\/\/www.karadenizcam.com.tr\/wp-content\/uploads\/2021\/01\/hunbrand.png\" alt=\"\" width=\"228\" height=\"70\" \/><\/div><cite><\/cite><\/li><li class=\"testimonial\"><div class=\"testimonial-text text-normal\"><img class=\"alignleft size-full wp-image-9335\" src=\"http:\/\/www.karadenizcam.com.tr\/wp-content\/uploads\/2021\/01\/parkcam.png\" alt=\"\" width=\"228\" height=\"70\" \/><\/div><cite><\/cite><\/li><li class=\"testimonial\"><div class=\"testimonial-text text-normal\"><img class=\"alignleft wp-image-9450 size-full\" src=\"http:\/\/www.karadenizcam.com.tr\/wp-content\/uploads\/2021\/01\/mey-1.png\" alt=\"\" width=\"210\" height=\"70\" \/><\/div><cite><\/cite><\/li><\/ul><\/div>\n\t\t<\/div> \n\t<\/div>  \n\t<div class=\"wpb_testimonial_slider_widget wpb_content_element span3 testimonial\">\n\t\t<div class=\"wpb_wrapper slider-wrap\">\n\t\t\t<div class=\"flexslider testimonials-slider content-slider\" data-animation=\"slide\" data-autoplay=\"yes\"><ul class=\"slides\"><li class=\"testimonial\"><div class=\"testimonial-text text-normal\"><img class=\"alignleft size-full wp-image-9327\" src=\"http:\/\/www.karadenizcam.com.tr\/wp-content\/uploads\/2021\/01\/brandayyo.png\" alt=\"\" width=\"228\" height=\"70\" \/><\/div><cite><\/cite><\/li><li class=\"testimonial\"><div class=\"testimonial-text text-normal\"><img class=\"alignleft size-full wp-image-9328\" src=\"http:\/\/www.karadenizcam.com.tr\/wp-content\/uploads\/2021\/01\/brandbeyo.png\" alt=\"\" width=\"228\" height=\"70\" \/><\/div><cite><\/cite><\/li><li class=\"testimonial\"><div class=\"testimonial-text text-normal\"><img class=\"alignleft size-full wp-image-9329\" src=\"http:\/\/www.karadenizcam.com.tr\/wp-content\/uploads\/2021\/01\/brandfus.png\" alt=\"\" width=\"228\" height=\"70\" \/><\/div><cite><\/cite><\/li><\/ul><\/div>\n\t\t<\/div> \n\t<\/div>  \n\t<div class=\"wpb_testimonial_slider_widget wpb_content_element span3 testimonial\">\n\t\t<div class=\"wpb_wrapper slider-wrap\">\n\t\t\t<div class=\"flexslider testimonials-slider content-slider\" data-animation=\"slide\" data-autoplay=\"yes\"><ul class=\"slides\"><li class=\"testimonial\"><div class=\"testimonial-text text-normal\"><img class=\"alignleft size-full wp-image-9261\" src=\"http:\/\/www.karadenizcam.com.tr\/wp-content\/uploads\/2020\/12\/brandefe.png\" alt=\"\" width=\"228\" height=\"70\" \/><\/div><cite><\/cite><\/li><li class=\"testimonial\"><div class=\"testimonial-text text-normal\"><img class=\"alignleft size-full wp-image-9265\" src=\"http:\/\/www.karadenizcam.com.tr\/wp-content\/uploads\/2020\/12\/brandpasa.png\" alt=\"\" width=\"228\" height=\"70\" \/><\/div><cite><\/cite><\/li><li class=\"testimonial\"><div class=\"testimonial-text text-normal\"><img class=\"alignleft size-full wp-image-9257\" src=\"http:\/\/www.karadenizcam.com.tr\/wp-content\/uploads\/2020\/12\/antbrand.png\" alt=\"\" width=\"228\" height=\"70\" \/><\/div><cite><\/cite><\/li><li class=\"testimonial\"><div class=\"testimonial-text text-normal\"><img class=\"alignleft wp-image-9449 size-full\" src=\"http:\/\/www.karadenizcam.com.tr\/wp-content\/uploads\/2021\/01\/anadolu-1.jpg\" alt=\"\" width=\"228\" height=\"70\" \/><\/div><cite><\/cite><\/li><li class=\"testimonial\"><div class=\"testimonial-text text-normal\"><img class=\"alignleft size-full wp-image-9326\" src=\"http:\/\/www.karadenizcam.com.tr\/wp-content\/uploads\/2021\/01\/arsbrand.png\" alt=\"\" width=\"228\" height=\"70\" \/><\/div><cite><\/cite><\/li><\/ul><\/div>\n\t\t<\/div> \n\t<\/div> <\/div>\n\n","protected":false},"excerpt":{"rendered":"","protected":false},"author":1,"featured_media":0,"parent":0,"menu_order":0,"comment_status":"closed","ping_status":"closed","template":"","meta":[],"_links":{"self":[{"href":"http:\/\/www.karadenizcam.com.tr\/index.php?rest_route=\/wp\/v2\/pages\/9202"}],"collection":[{"href":"http:\/\/www.karadenizcam.com.tr\/index.php?rest_route=\/wp\/v2\/pages"}],"about":[{"href":"http:\/\/www.karadenizcam.com.tr\/index.php?rest_route=\/wp\/v2\/types\/page"}],"author":[{"embeddable":true,"href":"http:\/\/www.karadenizcam.com.tr\/index.php?rest_route=\/wp\/v2\/users\/1"}],"replies":[{"embeddable":true,"href":"http:\/\/www.karadenizcam.com.tr\/index.php?rest_route=%2Fwp%2Fv2%2Fcomments&post=9202"}],"version-history":[{"count":35,"href":"http:\/\/www.karadenizcam.com.tr\/index.php?rest_route=\/wp\/v2\/pages\/9202\/revisions"}],"predecessor-version":[{"id":9418,"href":"http:\/\/www.karadenizcam.com.tr\/index.php?rest_route=\/wp\/v2\/pages\/9202\/revisions\/9418"}],"wp:attachment":[{"href":"http:\/\/www.karadenizcam.com.tr\/index.php?rest_route=%2Fwp%2Fv2%2Fmedia&parent=9202"}],"curies":[{"name":"wp","href":"https:\/\/api.w.org\/{rel}","templated":true}]}}